{"id":3026,"date":"2025-03-25T15:07:56","date_gmt":"2025-03-25T15:07:56","guid":{"rendered":"https:\/\/bims.bilkent.edu.tr\/?page_id=3026"},"modified":"2025-06-10T11:31:19","modified_gmt":"2025-06-10T11:31:19","slug":"ilkokul","status":"publish","type":"page","link":"https:\/\/bims.bilkent.edu.tr\/en\/ilkokul\/","title":{"rendered":"Kindergarten and Primary School"},"content":{"rendered":"<figure class=\"wp-block-image size-large\"><img loading=\"lazy\" decoding=\"async\" width=\"1024\" height=\"450\" src=\"https:\/\/bims.bilkent.edu.tr\/wp-content\/uploads\/2025\/06\/Proje_Ilkokul-Giris-2-1024x450.jpg\" alt=\"\" class=\"wp-image-3259\" srcset=\"https:\/\/bims.bilkent.edu.tr\/wp-content\/uploads\/2025\/06\/Proje_Ilkokul-Giris-2-1024x450.jpg 1024w, https:\/\/bims.bilkent.edu.tr\/wp-content\/uploads\/2025\/06\/Proje_Ilkokul-Giris-2-300x132.jpg 300w, https:\/\/bims.bilkent.edu.tr\/wp-content\/uploads\/2025\/06\/Proje_Ilkokul-Giris-2-768x338.jpg 768w, https:\/\/bims.bilkent.edu.tr\/wp-content\/uploads\/2025\/06\/Proje_Ilkokul-Giris-2-1536x675.jpg 1536w, https:\/\/bims.bilkent.edu.tr\/wp-content\/uploads\/2025\/06\/Proje_Ilkokul-Giris-2-2048x900.jpg 2048w, https:\/\/bims.bilkent.edu.tr\/wp-content\/uploads\/2025\/06\/Proje_Ilkokul-Giris-2-2000x879.jpg 2000w, https:\/\/bims.bilkent.edu.tr\/wp-content\/uploads\/2025\/06\/Proje_Ilkokul-Giris-2-800x352.jpg 800w, https:\/\/bims.bilkent.edu.tr\/wp-content\/uploads\/2025\/06\/Proje_Ilkokul-Giris-2-580x255.jpg 580w\" sizes=\"auto, (max-width: 1024px) 100vw, 1024px\" \/><\/figure>\n\n\n\n<p>Our school will begin its educational activities in the 2025\u201326 academic year with Kindergarten, Grade 1, and Grade 2 levels.<\/p>\n\n\n\n<h3 class=\"wp-block-heading\"><strong>International Bilingual Education Programs:<\/strong><\/h3>\n\n\n\n<p class=\"translation-block\">In addition to the national curriculum set by the Ministry of National Education (MoNE), our school implements internationally recognized programs such as the International Baccalaureate (IB) and Cambridge programs. In this context:<\/p>\n\n\n\n<p><strong><strong>Preschool and Primary School (Grades 1\u20134):<\/strong><\/strong>&nbsp;Activities supporting English language learning are conducted. Moreover, the Cambridge Primary program, approved by the Board of Education and Discipline, and the International Baccalaureate Primary Years Programme (PYP) can be implemented. <\/p>\n\n\n\n<h3 class=\"wp-block-heading\">Learning Environments Enriched with Opportunities that Support Holistic Education:<\/h3>\n\n\n\n<p class=\"translation-block\">Our school is equipped with rich facilities designed to meet all educational needs of students. The 85-square-meter kindergarten classrooms and 70-square-meter primary classrooms provide a modern and spacious learning environment. Additionally, classrooms and areas dedicated to art, sports, and technology offer a skills-based, holistic educational experience.<\/p>\n\n\n\n<figure class=\"wp-block-gallery has-nested-images columns-default is-cropped wp-block-gallery-1 is-layout-flex wp-block-gallery-is-layout-flex\">\n<figure class=\"wp-block-image size-large\"><img loading=\"lazy\" decoding=\"async\" width=\"1024\" height=\"494\" data-id=\"3150\" src=\"https:\/\/bims.bilkent.edu.tr\/wp-content\/uploads\/2025\/06\/Tenefus-Alani_Rampa-Yani-B-G-H-Blok-1-1024x494.jpg\" alt=\"\" class=\"wp-image-3150\" srcset=\"https:\/\/bims.bilkent.edu.tr\/wp-content\/uploads\/2025\/06\/Tenefus-Alani_Rampa-Yani-B-G-H-Blok-1-1024x494.jpg 1024w, https:\/\/bims.bilkent.edu.tr\/wp-content\/uploads\/2025\/06\/Tenefus-Alani_Rampa-Yani-B-G-H-Blok-1-300x145.jpg 300w, https:\/\/bims.bilkent.edu.tr\/wp-content\/uploads\/2025\/06\/Tenefus-Alani_Rampa-Yani-B-G-H-Blok-1-768x371.jpg 768w, https:\/\/bims.bilkent.edu.tr\/wp-content\/uploads\/2025\/06\/Tenefus-Alani_Rampa-Yani-B-G-H-Blok-1-1536x742.jpg 1536w, https:\/\/bims.bilkent.edu.tr\/wp-content\/uploads\/2025\/06\/Tenefus-Alani_Rampa-Yani-B-G-H-Blok-1-2048x989.jpg 2048w, https:\/\/bims.bilkent.edu.tr\/wp-content\/uploads\/2025\/06\/Tenefus-Alani_Rampa-Yani-B-G-H-Blok-1-2000x966.jpg 2000w, https:\/\/bims.bilkent.edu.tr\/wp-content\/uploads\/2025\/06\/Tenefus-Alani_Rampa-Yani-B-G-H-Blok-1-800x386.jpg 800w, https:\/\/bims.bilkent.edu.tr\/wp-content\/uploads\/2025\/06\/Tenefus-Alani_Rampa-Yani-B-G-H-Blok-1-580x280.jpg 580w\" sizes=\"auto, (max-width: 1024px) 100vw, 1024px\" \/><\/figure>\n\n\n\n<figure class=\"wp-block-image size-large\"><img loading=\"lazy\" decoding=\"async\" width=\"1024\" height=\"503\" data-id=\"3145\" src=\"https:\/\/bims.bilkent.edu.tr\/wp-content\/uploads\/2025\/06\/image-1024x503.png\" alt=\"\" class=\"wp-image-3145\" srcset=\"https:\/\/bims.bilkent.edu.tr\/wp-content\/uploads\/2025\/06\/image-1024x503.png 1024w, https:\/\/bims.bilkent.edu.tr\/wp-content\/uploads\/2025\/06\/image-300x147.png 300w, https:\/\/bims.bilkent.edu.tr\/wp-content\/uploads\/2025\/06\/image-768x377.png 768w, https:\/\/bims.bilkent.edu.tr\/wp-content\/uploads\/2025\/06\/image-1536x754.png 1536w, https:\/\/bims.bilkent.edu.tr\/wp-content\/uploads\/2025\/06\/image-2048x1006.png 2048w, https:\/\/bims.bilkent.edu.tr\/wp-content\/uploads\/2025\/06\/image-2000x982.png 2000w, https:\/\/bims.bilkent.edu.tr\/wp-content\/uploads\/2025\/06\/image-800x393.png 800w, https:\/\/bims.bilkent.edu.tr\/wp-content\/uploads\/2025\/06\/image-580x285.png 580w\" sizes=\"auto, (max-width: 1024px) 100vw, 1024px\" \/><\/figure>\n\n\n\n<figure class=\"wp-block-image size-large\"><img loading=\"lazy\" decoding=\"async\" width=\"1024\" height=\"485\" data-id=\"3148\" src=\"https:\/\/bims.bilkent.edu.tr\/wp-content\/uploads\/2025\/06\/Avlu-01-A-B-C-D-Blok-1024x485.jpg\" alt=\"\" class=\"wp-image-3148\" srcset=\"https:\/\/bims.bilkent.edu.tr\/wp-content\/uploads\/2025\/06\/Avlu-01-A-B-C-D-Blok-1024x485.jpg 1024w, https:\/\/bims.bilkent.edu.tr\/wp-content\/uploads\/2025\/06\/Avlu-01-A-B-C-D-Blok-300x142.jpg 300w, https:\/\/bims.bilkent.edu.tr\/wp-content\/uploads\/2025\/06\/Avlu-01-A-B-C-D-Blok-768x364.jpg 768w, https:\/\/bims.bilkent.edu.tr\/wp-content\/uploads\/2025\/06\/Avlu-01-A-B-C-D-Blok-1536x728.jpg 1536w, https:\/\/bims.bilkent.edu.tr\/wp-content\/uploads\/2025\/06\/Avlu-01-A-B-C-D-Blok-2048x970.jpg 2048w, https:\/\/bims.bilkent.edu.tr\/wp-content\/uploads\/2025\/06\/Avlu-01-A-B-C-D-Blok-2000x947.jpg 2000w, https:\/\/bims.bilkent.edu.tr\/wp-content\/uploads\/2025\/06\/Avlu-01-A-B-C-D-Blok-800x379.jpg 800w, https:\/\/bims.bilkent.edu.tr\/wp-content\/uploads\/2025\/06\/Avlu-01-A-B-C-D-Blok-580x275.jpg 580w\" sizes=\"auto, (max-width: 1024px) 100vw, 1024px\" \/><\/figure>\n<\/figure>\n\n\n\n<p class=\"translation-block\">Our students can socialize in rest and break areas as well as in wide and functional corridors. Courtyard systems and children's play areas, which are directly accessible from the classrooms, will allow them to enjoy pleasant outdoor time.<\/p>\n\n\n\n<figure class=\"wp-block-image size-large\"><img loading=\"lazy\" decoding=\"async\" width=\"1024\" height=\"587\" src=\"https:\/\/bims.bilkent.edu.tr\/wp-content\/uploads\/2025\/06\/image-3-1024x587.png\" alt=\"\" class=\"wp-image-3264\" srcset=\"https:\/\/bims.bilkent.edu.tr\/wp-content\/uploads\/2025\/06\/image-3-1024x587.png 1024w, https:\/\/bims.bilkent.edu.tr\/wp-content\/uploads\/2025\/06\/image-3-300x172.png 300w, https:\/\/bims.bilkent.edu.tr\/wp-content\/uploads\/2025\/06\/image-3-768x440.png 768w, https:\/\/bims.bilkent.edu.tr\/wp-content\/uploads\/2025\/06\/image-3-1536x881.png 1536w, https:\/\/bims.bilkent.edu.tr\/wp-content\/uploads\/2025\/06\/image-3-2048x1174.png 2048w, https:\/\/bims.bilkent.edu.tr\/wp-content\/uploads\/2025\/06\/image-3-2000x1147.png 2000w, https:\/\/bims.bilkent.edu.tr\/wp-content\/uploads\/2025\/06\/image-3-800x459.png 800w, https:\/\/bims.bilkent.edu.tr\/wp-content\/uploads\/2025\/06\/image-3-580x333.png 580w\" sizes=\"auto, (max-width: 1024px) 100vw, 1024px\" \/><\/figure>","protected":false},"excerpt":{"rendered":"<p>Okulumuz 2025-26 E\u011fitim-\u00d6\u011fretim y\u0131l\u0131nda ana s\u0131n\u0131f\u0131, 1. s\u0131n\u0131f ve 2. s\u0131n\u0131f seviyelerinde e\u011fitim faaliyetinlerine ba\u015flayacakt\u0131r. Uluslararas\u0131 \u00c7ift Dilli E\u011fitim Programlar\u0131: Okulumuzda, Milli E\u011fitim Bakanl\u0131\u011f\u0131 (MEB) m\u00fcfredat\u0131n\u0131n yan\u0131 s\u0131ra, k\u00fcresel e\u011fitim standartlar\u0131n\u0131 yakalayan Uluslararas\u0131 Bakalorya (IB) programlar\u0131 ve Cambridge programlar\u0131 uygulanmaktad\u0131r. Bu \u00e7er\u00e7evede: Ana S\u0131n\u0131f\u0131 ve \u0130lkokul (1-4. S\u0131n\u0131flar):&nbsp;\u0130ngilizce dil \u00f6\u011frenimini [\u2026] <\/p>\n<div class=\"clear\"><\/div>\n<p><a class=\"more_link clearfix\" href=\"https:\/\/bims.bilkent.edu.tr\/en\/ilkokul\/\" rel=\"nofollow\">Read More<\/a><\/p>","protected":false},"author":1,"featured_media":0,"parent":0,"menu_order":0,"comment_status":"closed","ping_status":"closed","template":"","meta":{"footnotes":""},"class_list":["post-3026","page","type-page","status-publish","hentry"],"jetpack_sharing_enabled":true,"_links":{"self":[{"href":"https:\/\/bims.bilkent.edu.tr\/en\/wp-json\/wp\/v2\/pages\/3026","targetHints":{"allow":["GET"]}}],"collection":[{"href":"https:\/\/bims.bilkent.edu.tr\/en\/wp-json\/wp\/v2\/pages"}],"about":[{"href":"https:\/\/bims.bilkent.edu.tr\/en\/wp-json\/wp\/v2\/types\/page"}],"author":[{"embeddable":true,"href":"https:\/\/bims.bilkent.edu.tr\/en\/wp-json\/wp\/v2\/users\/1"}],"replies":[{"embeddable":true,"href":"https:\/\/bims.bilkent.edu.tr\/en\/wp-json\/wp\/v2\/comments?post=3026"}],"version-history":[{"count":6,"href":"https:\/\/bims.bilkent.edu.tr\/en\/wp-json\/wp\/v2\/pages\/3026\/revisions"}],"predecessor-version":[{"id":3420,"href":"https:\/\/bims.bilkent.edu.tr\/en\/wp-json\/wp\/v2\/pages\/3026\/revisions\/3420"}],"wp:attachment":[{"href":"https:\/\/bims.bilkent.edu.tr\/en\/wp-json\/wp\/v2\/media?parent=3026"}],"curies":[{"name":"wp","href":"https:\/\/api.w.org\/{rel}","templated":true}]}}