{"id":3192,"date":"2025-06-05T08:50:45","date_gmt":"2025-06-05T08:50:45","guid":{"rendered":"https:\/\/bims.bilkent.edu.tr\/?page_id=3192"},"modified":"2025-10-14T12:31:31","modified_gmt":"2025-10-14T12:31:31","slug":"burs-imkanlari","status":"publish","type":"page","link":"https:\/\/bims.bilkent.edu.tr\/en\/burs-imkanlari\/","title":{"rendered":"Scholarships"},"content":{"rendered":"<h2 class=\"wp-block-heading\">Full Support for a Bright Future<\/h2>\r\n\r\n\r\n\r\n<div class=\"wp-block-media-text is-stacked-on-mobile\" style=\"grid-template-columns: 37% auto;\">\r\n<figure class=\"wp-block-media-text__media\"><img loading=\"lazy\" decoding=\"async\" width=\"1080\" height=\"1080\" class=\"wp-image-3214 size-full\" src=\"https:\/\/bims.bilkent.edu.tr\/wp-content\/uploads\/2025\/06\/Burs-Imkanlari-Ikon-edited.png\" alt=\"\" srcset=\"https:\/\/bims.bilkent.edu.tr\/wp-content\/uploads\/2025\/06\/Burs-Imkanlari-Ikon-edited.png 1080w, https:\/\/bims.bilkent.edu.tr\/wp-content\/uploads\/2025\/06\/Burs-Imkanlari-Ikon-edited-300x300.png 300w, https:\/\/bims.bilkent.edu.tr\/wp-content\/uploads\/2025\/06\/Burs-Imkanlari-Ikon-edited-1024x1024.png 1024w, https:\/\/bims.bilkent.edu.tr\/wp-content\/uploads\/2025\/06\/Burs-Imkanlari-Ikon-edited-150x150.png 150w, https:\/\/bims.bilkent.edu.tr\/wp-content\/uploads\/2025\/06\/Burs-Imkanlari-Ikon-edited-768x768.png 768w, https:\/\/bims.bilkent.edu.tr\/wp-content\/uploads\/2025\/06\/Burs-Imkanlari-Ikon-edited-800x800.png 800w, https:\/\/bims.bilkent.edu.tr\/wp-content\/uploads\/2025\/06\/Burs-Imkanlari-Ikon-edited-580x580.png 580w\" sizes=\"auto, (max-width: 1080px) 100vw, 1080px\" \/><\/figure>\r\n<div class=\"wp-block-media-text__content\">\r\n<p>Bilkent Malatya Laboratuvar Okullar\u0131 olarak, Do\u011fu \u0130lleri Projesi kapsam\u0131nda \u00f6zel bir kanunla kurulan laboratuvar okul stat\u00fcs\u00fcndeyiz. Bu \u00f6zel stat\u00fcm\u00fcz gere\u011fi,\u00a02 \u015eubat 2023 tarih ve 32092 say\u0131l\u0131 Resmi Gazete&#8217;de yay\u0131mlanan <strong><a href=\"https:\/\/www.resmigazete.gov.tr\/eskiler\/2023\/02\/20230202-3.htm\" data-type=\"link\" data-id=\"https:\/\/www.resmigazete.gov.tr\/eskiler\/2023\/02\/20230202-3.htm\">i\u00e7 y\u00f6netmeli\u011fimize<\/a><\/strong> g\u00f6re, okulumuzda \u00f6\u011frenim g\u00f6ren \u00f6\u011frencilerin <strong>%70&#8217;nin<\/strong> burslu olmas\u0131 zorunludur.<\/p>\r\n\r\n\r\n\r\n<p class=\"translation-block\">Scholarships are determined by our School Scholarship Committee after a careful review of the applicant student's admission evaluation and the financial status of the family. Families who do not apply for a scholarship are not subject to financial review.<\/p>\r\n<\/div>\r\n<\/div>\r\n\r\n\r\n\r\n<p>&nbsp;<\/p>\r\n\r\n\r\n\r\n<p>&nbsp;<\/p>\r\n\r\n\r\n\r\n<h3 class=\"wp-block-heading\"><strong>Scholarship Rate and Implementation<\/strong><\/h3>\r\n\r\n\r\n\r\n<p>Our school offers a 70% scholarship. This scholarship rate can be awarded to 70 out of 100 students as a full scholarship, or some can receive 10%, 20%, 30%, 40%, 50%, 60%, 70%, 80%, and 90% scholarships, with some receiving full scholarships. Scholarships are determined by the School Scholarship Committee based on the student's financial situation and the student's evaluation process, and are communicated to families along with final registration information.<\/p>\r\n\r\n\r\n\r\n<h3 class=\"wp-block-heading\"><strong>Scholarship Application Process<\/strong><\/h3>\r\n\r\n\r\n\r\n<p class=\"translation-block\">Families wishing to apply for a scholarship must accurately and completely submit the \u201cFinancial Status Assessment Form\u201d and the required documents, which will be provided by the school.\n<br>\n<br>\nFinancial information is collected in accordance with Appendix-7 of the Ministry of National Education\u2019s Private Education Institutions Regulation. Additional documents or clarifications may be requested to verify the accuracy of the information provided, and will be communicated directly to applicant families.<\/p>\r\n\r\n\r\n\r\n<p class=\"translation-block\">The documents submitted by families are reviewed and scored by the school\u2019s Scholarship Committee in accordance with Appendix-8 of the same regulation. Any family that submits incomplete or inaccurate information will receive a score of \u201c0\u201d for the Appendix-8 evaluation. If it is discovered after final enrollment that incorrect or incomplete information was provided, the student\u2019s scholarship will be revoked. In the event of a dispute, the decision of the School Scholarship Committee is final.<\/p>\r\n\r\n\r\n\r\n<h3 class=\"wp-block-heading\"><strong>Scope of the Scholarships<\/strong><\/h3>\r\n\r\n\r\n\r\n<p class=\"translation-block\">Scholarships cover tuition fees only. Meal fees are considered separately and may be supported depending on the school\u2019s budget. Transportation (bus) fees are not covered by the scholarship.<\/p>\r\n\r\n\r\n\r\n<p>Our goal is to support every child's access to quality education and open the doors to a bright future.<\/p>","protected":false},"excerpt":{"rendered":"<p>Ayd\u0131nl\u0131k Bir Gelece\u011fe Tam Destek Bilkent Malatya Laboratuvar Okullar\u0131 olarak, Do\u011fu \u0130lleri Projesi kapsam\u0131nda \u00f6zel bir kanunla kurulan laboratuvar okul stat\u00fcs\u00fcndeyiz. Bu \u00f6zel stat\u00fcm\u00fcz gere\u011fi,\u00a02 \u015eubat 2023 tarih ve 32092 say\u0131l\u0131 Resmi Gazete&#8217;de yay\u0131mlanan i\u00e7 y\u00f6netmeli\u011fimize g\u00f6re, okulumuzda \u00f6\u011frenim g\u00f6ren \u00f6\u011frencilerin %70&#8217;nin burslu olmas\u0131 zorunludur. Burslar, aday \u00f6\u011frencilerin kabul g\u00f6zlem [\u2026] <\/p>\n<div class=\"clear\"><\/div>\n<p><a class=\"more_link clearfix\" href=\"https:\/\/bims.bilkent.edu.tr\/en\/burs-imkanlari\/\" rel=\"nofollow\">Read More<\/a><\/p>","protected":false},"author":1,"featured_media":0,"parent":0,"menu_order":0,"comment_status":"closed","ping_status":"closed","template":"","meta":{"footnotes":""},"class_list":["post-3192","page","type-page","status-publish","hentry"],"jetpack_sharing_enabled":true,"_links":{"self":[{"href":"https:\/\/bims.bilkent.edu.tr\/en\/wp-json\/wp\/v2\/pages\/3192","targetHints":{"allow":["GET"]}}],"collection":[{"href":"https:\/\/bims.bilkent.edu.tr\/en\/wp-json\/wp\/v2\/pages"}],"about":[{"href":"https:\/\/bims.bilkent.edu.tr\/en\/wp-json\/wp\/v2\/types\/page"}],"author":[{"embeddable":true,"href":"https:\/\/bims.bilkent.edu.tr\/en\/wp-json\/wp\/v2\/users\/1"}],"replies":[{"embeddable":true,"href":"https:\/\/bims.bilkent.edu.tr\/en\/wp-json\/wp\/v2\/comments?post=3192"}],"version-history":[{"count":9,"href":"https:\/\/bims.bilkent.edu.tr\/en\/wp-json\/wp\/v2\/pages\/3192\/revisions"}],"predecessor-version":[{"id":3673,"href":"https:\/\/bims.bilkent.edu.tr\/en\/wp-json\/wp\/v2\/pages\/3192\/revisions\/3673"}],"wp:attachment":[{"href":"https:\/\/bims.bilkent.edu.tr\/en\/wp-json\/wp\/v2\/media?parent=3192"}],"curies":[{"name":"wp","href":"https:\/\/api.w.org\/{rel}","templated":true}]}}